{"id":14527,"date":"2024-06-25T01:44:40","date_gmt":"2024-06-24T23:44:40","guid":{"rendered":"https:\/\/vocum.ca\/vocum-2021-language-and-space\/call-for-papers-3\/"},"modified":"2024-08-05T18:02:00","modified_gmt":"2024-08-05T16:02:00","slug":"call-for-papers-24","status":"publish","type":"page","link":"https:\/\/vocum.ca\/en\/vocum-2021-language-and-space\/call-for-papers-24\/","title":{"rendered":"Call for Papers 2024"},"content":{"rendered":"\n<h2 class=\"wp-block-heading\">VocUM 2024 : Langage and (Mis)information<\/h2>\n\n\n\n<p class=\"p\">It our great pleasure to invite the student community to submit a proposal for the 11th edition of the VocUM conference taking place next November 14th and 15th, 2024.<\/p>\n\n\n\n<h3 class=\"wp-block-heading\"><strong>What is [Voc] UM? <\/strong><\/h3>\n\n\n\n<p class=\"has-text-align-left p\">VocUM is an international conference organized annually by students of Universit\u00e9 de Montr\u00e9al from different fields of study relating to language. It is the only multidisciplinary conference in Montreal dedicated to language. Its mission is to provide a platform for young researchers to display their findings and foster meaningful discussions across diverse disciplines. By engaging in the annual student conference, participants have the opportunity not only to refine their oral communication skills, but also to contribute to scholarly discourse by publishing articles in the journal <em>ScriptUM<\/em>. Thus, language has been targeted as a focal point to facilitate dialogue between otherwise isolated disciplines.<\/p>\n\n\n\n<p class=\"p\">The conference, which was founded in 2014, is now marking its 11th edition. In addition to presentations by young researchers and two keynote lectures, there will be a poster session.<\/p>\n\n\n\n<h3 class=\"wp-block-heading\"><strong>THEME<\/strong><\/h3>\n\n\n\n<p class=\"p\">The term &#8216;information&#8217; stems from the Latin <em>formare<\/em>, whose original meaning roughly translates into the verb \u201cto shape.\u201d It implies in its essence the process of shaping an idea, a representation or a concept. In Late Antiquity, this word gained a social and interpersonal connotation, evoking the process of transmitting knowledge or truths, or even the act of instructing and educating. Or de la transmission neuronale aux ondes \u00e9lectromagn\u00e9tiques en passant par les discours politiques et religieux, l\u2019information est partout et change de forme selon les domaines. From neural transmission to electromagnetic waves, through political and religious speeches, information is everywhere, and changes form depending on the field. The 11<sup>th<\/sup> edition of the VocUM conference constitutes an opportunity to examine the different facets of information and disinformation, from transmission to reception, and at every stage in between. The media (daily news, weather forecasts) have been developing their own language, and play host to a variety of disinformation phenomena. From whistle-blowers and climate skepticism, to the defamation of certain individuals or communities, these phenomena are eroding public trust in institutions, and making it all the more necessary to verify the information that circulates in the media.<\/p>\n\n\n\n<p class=\"p\">While the term &#8216;information&#8217; goes back a long way, its antonym is much more recent. Indeed, the word &#8216;disinformation&#8217; was probably borrowed from the Russian <em>\u0434\u0435\u0437\u0438\u043d\u0444\u043e\u0440\u043c\u0430\u0446\u0438\u044f <\/em> (dezinformatsiya) in the context of the Cold War as a way of defining the propagation of false news with the aim of misleading public opinion. Popularized in the English-speaking world in the 1980s and initially linked to strategies of political manipulation, disinformation was then extended to include any government communication (propaganda) intentionally containing fake and deceptive information. Thus, &#8216;disinformation&#8217; underlines the deliberate propagation of lies and deception with the aim of manipulating perceptions and opinions. It is worth noticing how, in English, a distinction is made between simply erroneous &#8216;misinformation&#8217; and intentionally misleading &#8216;disinformation.&#8217;<\/p>\n\n\n\n<p class=\"p\">In this respect, reflections on information and disinformation touch on a wide range of research fields: in Literature and Translation Studies, the literary genre (autobiography, essay, poetry) and the reception context influence our understanding of information. Many writers blur the boundary between fact and fiction, as in the case of autofiction\u2014which moves between autobiography and fiction\u2014and documentary-inspired writing. The choice of translation strategies will depend, for example, on the nature of the text, the target audience, and the historical, cultural (cultural transfer issues) or political (national and identity-oriented narratives) situation of production and reception. <\/p>\n\n\n\n<p class=\"p\">An important setting for the dissemination of information is the academic world, where scientific integrity is at the heart of many challenges (open access, plagiarism, use of artificial intelligence, pseudoscience). Issues of intellectual censorship (book bans, unequal distribution of funds) and restrictions on access to education (gender and class bias) are also obstacles to the right to information.<\/p>\n\n\n\n<p class=\"p\">The intersection between language and (dis)information also touches on preconceived ideas about languages and their uses. Whether we are talking about linguistic perceptions, the often misunderstood relationship between a given standard language and its various vernacular forms, or the impact of this set of linguistic representations on language teaching and learning: the complex connection a speaker has with the reality of language practices sheds light on other aspects related to (dis)information.<\/p>\n\n\n\n<p class=\"p\">In terms of accessibility, the digital age raises a number of issues, while also opening up new horizons. Think, for example, of the increasingly digitized corpora and archives of all kinds\u2014at the cost, however, of direct access to information in its physical form. Besides the legal aspect of access to information, there is the growing trend in countries such as Sweden and Germany to introduce legislation requiring the use of a clear and accessible language to address the public, so that official political speeches or museums\u2019 text panels can be understood by all.<\/p>\n\n\n\n<p class=\"p\">But while the term &#8216;Artificial Intelligence&#8217; (AI) is on everyone\u2019s lips, the latest technological advances in the field bring their own set of challenges. The meteoric rise of generative AI over the past few years is constantly shuffling the deck: seen as a source of information by some, and decried as a tool of disinformation by others, the question of AI could not be left unmentioned in view of this year\u2019s theme.<\/p>\n\n\n\n<h3 class=\"wp-block-heading\"><strong>WHO IS ELIGIBLE?<\/strong><\/h3>\n\n\n\n<p>Proposals for VocUM 2024 &#8211; Language and (dis)information can be submitted in the following disciplines, among others:<\/p>\n\n\n\n<figure class=\"wp-block-table aligncenter\"><table><tbody><tr><td>Language Acquisition<\/td><td>Journalism<\/td><\/tr><tr><td>Applied linguistics<\/td><td>Linguistics<\/td><\/tr><tr><td>Discourse Analysis <\/td><td>Literature<\/td><\/tr><tr><td>Comparative Literature<\/td><td>Musicology<\/td><\/tr><tr><td>Communication <\/td><td>Neurosciences <\/td><\/tr><tr><td>Didactics of Languages<\/td><td>Speech Therapy<\/td><\/tr><tr><td>Law<\/td><td>Philosophy of Language<\/td><\/tr><tr><td>Ethnology<\/td><td>Public Health<\/td><\/tr><tr><td>Classical Studies<\/td><td>Political Science<\/td><\/tr><tr><td>Ethnolinguistics<\/td><td>Sociolinguistics<\/td><\/tr><tr><td>History<\/td><td>Sociology<\/td><\/tr><tr><td>Art History<\/td><td>Translation and Translation Studies<\/td><\/tr><tr><td>Computer Science and Artificial Intelligence<\/td><td>Natural Language Processing<\/td><\/tr><\/tbody><\/table><\/figure>\n\n\n\n<p class=\"p\">To accommodate a diverse range of participants, the VocUM 2024 conference will feature <strong>15 to 20-minute <\/strong> <strong>paper presentations<\/strong> followed by a question period, as well as a <strong>dedicated time slot<\/strong> for <strong>poster presentations<\/strong>. Students of all academic levels and young researchers are invited to submit their projects, indicating whether their submission should be considered for a paper presentation or a poster (at the discretion of the evaluation committee), or a poster presentation only.<\/p>\n\n\n\n<p class=\"p\">Please submit your proposals by<strong> <s>July 31<\/s> August 15, 2024<\/strong> by filling out this<strong> <\/strong><a style=\"color:blue\" href=\"https:\/\/docs.google.com\/forms\/d\/e\/1FAIpQLSdw8sFFb0ibxlCW-Nq-qwE3F65nkZ4KcrDka48olHViia3K-w\/viewform?usp=sf_link\"><strong>form<\/strong><\/a>. Proposals should not exceed <strong>300 words<\/strong> and must be submitted using the electronic form available on the VocUM website. The scientific committee accepts proposals in French, English, Spanish, Italian or German. However, the dissemination of knowledge in French is strongly encouraged.<\/p>\n\n\n\n<h3 class=\"wp-block-heading\"><strong>IMPORTANT DATES<\/strong><\/h3>\n\n\n\n<p>Proposal submission deadline: <s>July 31<\/s> August 15, 2024<\/p>\n\n\n\n<p>Notification of acceptance: September 2024<\/p>\n\n\n\n<p>Conference dates: November 14 and 15, 2024 (in person at Universit\u00e9 de Montr\u00e9al)<\/p>\n\n\n\n<p>For more information: <a href=\"https:\/\/vocum.ca\/\">https:\/\/vocum.ca<\/a>, <a>info@vocum.ca<\/a><\/p>\n\n\n\n<h3 class=\"wp-block-heading\"><strong>BIBLIOGRAPHY<\/strong><\/h3>\n\n\n\n<h4 class=\"wp-block-heading\">Critical works<\/h4>\n\n\n\n<p>Acke, Daniel. \u00ab R\u00e9visionnisme et n\u00e9gationnisme \u00bb in <em>T\u00e9moigner. Entre histoire et m\u00e9moire<\/em>, vol. 122, 2016, p. 53\u221263.<\/p>\n\n\n\n<p>Aristote. <em>R\u00e9futations sophistiques<\/em>, IV<sup>e<\/sup> si\u00e8cle av. J.-C.<\/p>\n\n\n\n<p>Bernays, Edward. <em>Propaganda<\/em>, New York, Horace Liveright, 1928.<\/p>\n\n\n\n<p>Bourdieu, Pierre. \u00ab L\u2019opinion publique n\u2019existe pas \u00bb in <em>Les Temps modernes<\/em>, n\u00b0318, janvier 1973, p. 1292\u22121309.<\/p>\n\n\n\n<p>Chomsky, Noam et Robert W. McChesney. <em>Propagande, m\u00e9dias et d\u00e9mocratie <\/em>[trad. Liria Arcal et Louis de Bellefeuille], Montr\u00e9al, \u00c9cosoci\u00e9t\u00e9, 2005.<\/p>\n\n\n\n<p>Colon, David. <em>Propagande. La manipulation de masse dans le monde contemporain<\/em>, Paris, Flammarion, 2021.<\/p>\n\n\n\n<p>Decout, Maxime. <em>Pouvoirs de l\u2019imposture<\/em>, Paris, Minuit, 2018.<\/p>\n\n\n\n<p>\u2014\u2014\u2014\u2014. <em>En toute mauvaise foi. Sur un paradoxe litt\u00e9raire<\/em>, Paris, Minuit, 2015.<\/p>\n\n\n\n<p>Halimi, Serge. <em>Les nouveaux chiens de garde<\/em>, Paris, Liber-Raisons d\u2019agir, 1997.<\/p>\n\n\n\n<p>Jacquard, Roland. <em>La Guerre du mensonge : histoire secr\u00e8te de la d\u00e9sinformation<\/em>, Paris, Plon, 1986<\/p>\n\n\n\n<p>McWhorther, John. <em>What Language Is: And What It Isn\u2019t and What It Could Be<\/em>, New York, Gotham Books, 2011. <\/p>\n\n\n\n<p>Melan\u00e7on, Beno\u00eet. <em>Le niveau baisse! et autres id\u00e9es re\u00e7ues sur la langue<\/em>, Montr\u00e9al, Del Busso, 2015.<\/p>\n\n\n\n<p>Lejeune, Philippe. <em>Le pacte autobiographique<\/em>, Paris, Seuil, 1975.<\/p>\n\n\n\n<p>Pratte, Andr\u00e9. <em>Les oiseaux de malheur : essai sur les m\u00e9dias d\u2019aujourd\u2019hui<\/em>, Montr\u00e9al, VLB \u00e9diteur, 2000.<\/p>\n\n\n\n<p>Ponsonby, Arthur. <em>Falsehood in War-time, Containing an Assortment of Lies Circulated Throughout the Nations During the Great War<\/em>, London, Garland publishing company, 1928.<\/p>\n\n\n\n<p>Quivy, Vincent. <em>Incroyables mais faux! Histoires de complots de JFK au COVID-19<\/em>, Paris, Seuil, 2020.<\/p>\n\n\n\n<p>Reboul, Anne. \u00ab Le paradoxe du mensonge dans la th\u00e9orie des actes de langage \u00bb dans <em>Cahiers de linguistique fran\u00e7aise<\/em>, n\u00b013, Universit\u00e9 de Gen\u00e8ve, Suisse, 1992, p. 125\u2212147.<\/p>\n\n\n\n<p>Robert, Anne-C\u00e9cile. <em>Derni\u00e8res nouvelles du mensonge<\/em>, Montr\u00e9al, Lux \u00c9diteur, 2021.<\/p>\n\n\n\n<p>Scholar, Richard et Alexis Tadi\u00e9. <em>Fiction and the Frontiers of Knowledge in Europe 1500\u22121800<\/em>, Burlington\/London, Aldershot publishing\/Routledge, 2016 [2011].<\/p>\n\n\n\n<p>Schopenhauer, Arthur. <em>Eristische Dialektik, die Kunst Recht zu behalten<\/em> [<em>L\u2019art d\u2019avoir toujours raison ou La dialectique \u00e9ristique<\/em>], 1864.<\/p>\n\n\n\n<p>Tadi\u00e9, Alexis. \u00ab Fiction et v\u00e9rit\u00e9 \u00e0 l\u2019\u00e9poque moderne \u00bb, <em>Philosophiques<\/em>, vol. 40, n\u00b01, printemps 2013, p. 71\u221285.<\/p>\n\n\n\n<p>Shultz, Richard H. et Roy Godson. <em>Dezinformatsia: Active Measures in Soviet Strategy<\/em>, Washington, Pergamon-Brassey\u2019s, 1984.<\/p>\n\n\n\n<p>Yaguello, Marina. <em>Catalogue des id\u00e9es re\u00e7ues sur la langue<\/em>, Paris, Seuil 1988.<\/p>\n\n\n\n<h4 class=\"wp-block-heading\">Literary works<\/h4>\n\n\n\n<p>Aristophane. <em>Les nu\u00e9es<\/em>, V<sup>e<\/sup> si\u00e8cle av. J.-C.<\/p>\n\n\n\n<p>Atwood, Margaret. <em>The Handmaid\u2019s Tale<\/em>, Toronto, McClelland &amp; Stewart, 1985.<\/p>\n\n\n\n<p>Beigbeder, Fr\u00e9d\u00e9ric. <em>99 Francs<\/em>, Paris, Grasset &amp; Fasquelle, 2000.<\/p>\n\n\n\n<p>Bello, Antoine. <em>Les falsificateurs<\/em>, Paris, Gallimard, 2007.<\/p>\n\n\n\n<p>Bernard, Olivier. <em>Le Pharmachien<\/em> [3 volumes], Montr\u00e9al, \u00c9ditions les Malins, 2014.<\/p>\n\n\n\n<p>Carr\u00e8re, Emmanuel. <em>L\u2019adversaire<\/em>, Paris, P.O.L., 2000.<\/p>\n\n\n\n<p>Collodi, Carlo. <em>Le avventure di Pinocchio. Storia di un burattino<\/em> [<em>Les Aventures de Pinocchio : histoire d\u2019un pantin<\/em>], Firenze, Paggi, 1883.<\/p>\n\n\n\n<p>Dick, Philip K. <em>The Man in the High Castle<\/em>, New York, G. P. Putnam\u2019s Sons, 1962.<\/p>\n\n\n\n<p>Gravel, \u00c9lise. <em>Alerte : culottes meurtri\u00e8res! Fausses nouvelles, d\u00e9sinformation et th\u00e9ories du complot<\/em>, Scholastic Canada, 2023.<\/p>\n\n\n\n<p>Lindon, Mathieu. <em>Le proc\u00e8s de Jean-Marie Le Pen<\/em>, Paris, P.O.L., 1998.<\/p>\n\n\n\n<p>Louatah, Sabri. <em>404<\/em>, Paris, Flammarion, 2019.<\/p>\n\n\n\n<p>Modiano, Patrick. <em>La Place de l\u2019\u00c9toile<\/em>, Paris, Gallimard, 1968.<\/p>\n\n\n\n<p>Orwell, George. <em>Nineteen Eighty-Four<\/em>, London, Secker &amp; Warburg, 1949.<\/p>\n\n\n\n<p>Platon. <em>Euthyd\u00e8me<\/em>, IV<sup>e<\/sup> si\u00e8cle av. J.-C.<\/p>\n\n\n\n<p>Rossini, Gioachino. \u00ab La calunnia \u00e8 un venticello [Air de la calomnie] \u00bb, <em>Il barbiere di Siviglia<\/em> [<em>Le Barbier de S\u00e9ville<\/em>] livret de Cesare Sterbini, 1816.<\/p>\n\n\n\n<p>Volkoff, Vladimir. <em>Le montage<\/em>, Paris, Julliard, 1982.<\/p>\n","protected":false},"excerpt":{"rendered":"<p>VocUM 2024 : Langage and (Mis)information It our great pleasure to invite the student community to submit a proposal for the 11th edition of the VocUM conference taking place next November 14th and 15th, 2024. What is [Voc] UM? VocUM is an international conference organized annually by students of Universit\u00e9 de Montr\u00e9al from different fields [&hellip;]<\/p>\n","protected":false},"author":1,"featured_media":0,"parent":13007,"menu_order":0,"comment_status":"closed","ping_status":"closed","template":"","meta":{"footnotes":""},"class_list":["post-14527","page","type-page","status-publish","hentry"],"_links":{"self":[{"href":"https:\/\/vocum.ca\/en\/wp-json\/wp\/v2\/pages\/14527","targetHints":{"allow":["GET"]}}],"collection":[{"href":"https:\/\/vocum.ca\/en\/wp-json\/wp\/v2\/pages"}],"about":[{"href":"https:\/\/vocum.ca\/en\/wp-json\/wp\/v2\/types\/page"}],"author":[{"embeddable":true,"href":"https:\/\/vocum.ca\/en\/wp-json\/wp\/v2\/users\/1"}],"replies":[{"embeddable":true,"href":"https:\/\/vocum.ca\/en\/wp-json\/wp\/v2\/comments?post=14527"}],"version-history":[{"count":4,"href":"https:\/\/vocum.ca\/en\/wp-json\/wp\/v2\/pages\/14527\/revisions"}],"predecessor-version":[{"id":14571,"href":"https:\/\/vocum.ca\/en\/wp-json\/wp\/v2\/pages\/14527\/revisions\/14571"}],"up":[{"embeddable":true,"href":"https:\/\/vocum.ca\/en\/wp-json\/wp\/v2\/pages\/13007"}],"wp:attachment":[{"href":"https:\/\/vocum.ca\/en\/wp-json\/wp\/v2\/media?parent=14527"}],"curies":[{"name":"wp","href":"https:\/\/api.w.org\/{rel}","templated":true}]}}