{"id":13723,"date":"2023-10-02T20:22:27","date_gmt":"2023-10-02T18:22:27","guid":{"rendered":"https:\/\/vocum.ca\/?page_id=13723"},"modified":"2023-10-02T20:22:28","modified_gmt":"2023-10-02T18:22:28","slug":"appel-a-communications-2","status":"publish","type":"page","link":"https:\/\/vocum.ca\/en\/vocum-2021-langage-et-espace\/appel-a-communications-2\/","title":{"rendered":"Appel \u00e0 communications"},"content":{"rendered":"\n<h5 class=\"wp-block-heading\"><strong>LANGAGE ET ESPACE<\/strong><\/h5>\n\n\n\n<p>C\u2019est avec plaisir que nous vous invitons \u00e0 soumettre une proposition de communication pour la 8<sup>e<\/sup>&nbsp;\u00e9dition de VocUM, qui se tiendra virtuellement les 18, 19 et 20 novembre 2021. VocUM est un colloque international annuel organis\u00e9 par des \u00e9tudiantes et \u00e9tudiants de l\u2019Universit\u00e9 de Montr\u00e9al provenant de diff\u00e9rents domaines d\u2019\u00e9tudes li\u00e9s au langage. Il s\u2019agit du seul colloque multidisciplinaire montr\u00e9alais consacr\u00e9 au langage.<\/p>\n\n\n\n<p>Cette \u00e9dition du colloque propose de se pencher sur les multiples intersections entre langage et espace(s). Qu\u2019il s\u2019agisse de la r\u00e9\u00e9valuation de notre relation aux lieux et aux distances durant la pand\u00e9mie, des enjeux de la mondialisation et des mouvements migratoires, ou des nouvelles fronti\u00e8res d\u00e9pass\u00e9es en projetant une colonisation de Mars, notre rapport \u00e0 l\u2019espace est en constante red\u00e9finition. Montr\u00e9al, Ville-Marie, Hochelaga, Tiohti\u00e0:ke : la toponymie refl\u00e8te le rapport toujours changeant entre les locutrices et locuteurs et le territoire. Notre relation \u00e0 l\u2019espace, par l\u2019enracinement et l\u2019attachement au territoire, par sa (re)d\u00e9couverte, par son occupation, par les rapports de pouvoir qui s\u2019y exercent ou les d\u00e9placements de population sur celui-ci, repr\u00e9sente l\u2019un des moteurs importants de changement linguistique.&nbsp;<\/p>\n\n\n\n<p>Afin de mettre en valeur la polys\u00e9mie de ce th\u00e8me, nous accueillerons des pr\u00e9sentations provenant d\u2019axes de recherche vari\u00e9s. Les communications s\u2019int\u00e9ressant aux impacts des espaces sur les pratiques langagi\u00e8res (mobilit\u00e9, r\u00e9cits de voyage, communication et distances) sont les bienvenues, tout comme celles qui interrogent les diff\u00e9rents espaces de discours (espaces m\u00e9diatiques, publicitaires, scolaires, priv\u00e9s versus publics, frontaliers, commerciaux). Nous accepterons \u00e9galement les propositions portant sur les langues en danger ou minoritaires et les politiques linguistiques, ainsi que le rapport des diff\u00e9rentes communaut\u00e9s linguistiques avec le territoire, qu\u2019il soit identitaire, politique ou militant. En plus de questionner l\u2019expression de l\u2019espace dans la langue, nous ouvrirons la discussion vers des paradigmes plus vastes, abstraits ou concrets : des&nbsp;<em>safe spaces&nbsp;<\/em>aux lieux d\u2019apprentissage des langues, des enjeux d\u2019accessibilit\u00e9 (traduction et traductique, interpr\u00e9tation, langues sign\u00e9es, langue inclusive) aux r\u00e9flexions sur les aspects physiologiques du langage (approche localisationniste des fonctions langagi\u00e8res, lien entre le cerveau et les troubles de la parole). Dans la m\u00eame vis\u00e9e d\u2019ouverture, l\u2019espace physique ou virtuel pourra \u00eatre discut\u00e9 : espaces de r\u00e9clusion, plateformes de communication et forums, intelligence artificielle, approches th\u00e9rapeutiques virtuelles. Enfin, l\u2019espace s\u2019ouvre du r\u00e9el jusqu\u2019au fictif, et englobe les po\u00e9tiques du lieu (la figure du promeneur ou de la promeneuse, l\u2019imaginaire de la route), la science-fiction et les espaces imaginaires (non-lieux, bovarysme, langues construites). De retour aux interactions humaines et \u00e0 l\u2019impact des espaces sur la variation linguistique, nous accueillerons aussi les propositions portant sur le r\u00f4le de la langue dans la d\u00e9limitation et la d\u00e9finition de ces espaces physiques ou socialement construits (les lectes, les communaut\u00e9s de pratique, l\u2019alternance codique, l\u2019assimilation linguistique).<\/p>\n\n\n\n<p>Les propositions pour&nbsp;<strong>VocUM2021 \u2060\u2013\u2060 Langage et espace<\/strong>&nbsp;pourront entre autres s\u2019inscrire dans les disciplines suivantes :<\/p>\n\n\n\n<p><strong>LISTE DES DISCIPLINES<\/strong><\/p>\n\n\n\n<figure class=\"wp-block-table\"><table><tbody><tr><td><strong>Acquisition L1\/L2\/Ln<\/strong><\/td><td><strong>Linguistique appliqu\u00e9e<\/strong><\/td><\/tr><tr><td><strong>Am\u00e9nagement linguistique<\/strong><\/td><td><strong>Litt\u00e9rature compar\u00e9e<\/strong><\/td><\/tr><tr><td><strong>Analyse du discours<\/strong><\/td><td><strong>Litt\u00e9ratures<\/strong><\/td><\/tr><tr><td><strong>Anthropologie<\/strong><\/td><td><strong>Neurolinguistique<\/strong><\/td><\/tr><tr><td><strong>Communication<\/strong><\/td><td><strong>Orthophonie<\/strong><\/td><\/tr><tr><td><strong>Didactique<\/strong><\/td><td><strong>Philosophie du langage<\/strong><\/td><\/tr><tr><td><strong>Didactique des langues<\/strong><\/td><td><strong>Phon\u00e9tique<\/strong><\/td><\/tr><tr><td><strong>Ethnolinguistique<\/strong><\/td><td><strong>Politiques de traduction<\/strong><\/td><\/tr><tr><td><strong>G\u00e9ographie<\/strong><\/td><td><strong>Politiques linguistiques<\/strong><\/td><\/tr><tr><td><strong>Herm\u00e9neutique<\/strong><\/td><td><strong>Pragmatique<\/strong><\/td><\/tr><tr><td><strong>Histoire de l\u2019art<\/strong><\/td><td><strong>Psycholinguistique<\/strong><\/td><\/tr><tr><td><strong>Histoire de la traduction<\/strong><\/td><td><strong>Sciences politiques<\/strong><\/td><\/tr><tr><td><strong>Histoire des langues<\/strong><\/td><td><strong>Sociolinguistique<\/strong><\/td><\/tr><tr><td><strong>Histoire du langage<\/strong><\/td><td><strong>Sociologie<\/strong><\/td><\/tr><tr><td><strong>Informatique<\/strong><\/td><td><strong>Terminologie<\/strong><\/td><\/tr><tr><td><strong>Langues anciennes<\/strong><\/td><td><strong>Terminotique<\/strong><\/td><\/tr><tr><td><strong>Langues minoritaires<\/strong><\/td><td><strong>Traduction<\/strong><\/td><\/tr><tr><td><strong>Langues modernes<\/strong><\/td><td><strong>Traduction sp\u00e9cialis\u00e9e<\/strong><\/td><\/tr><tr><td><strong>Lexicographie<\/strong><\/td><td><strong>Traitement automatique du langage<\/strong><\/td><\/tr><tr><td><strong>Linguistique<\/strong><\/td><td><strong>Troubles du langage<\/strong><\/td><\/tr><\/tbody><\/table><\/figure>\n\n\n\n<p>Les modalit\u00e9s exactes de l\u2019\u00e9dition 2021 (plateforme, synchronicit\u00e9, etc.) seront d\u00e9termin\u00e9es \u00e0 l\u2019approche du colloque selon l\u2019\u00e9volution des conditions sanitaires. Ayant constat\u00e9 le succ\u00e8s de l\u2019\u00e9dition 2020, qui s\u2019est tenue enti\u00e8rement en virtuel, nous savons qu\u2019il est possible de pr\u00e9server la richesse et la vitalit\u00e9 des \u00e9ditions pass\u00e9es m\u00eame si l\u2019espace nous s\u00e9pare.<\/p>\n\n\n\n<p>Les langues de pr\u00e9sentation sont le&nbsp;<strong>fran\u00e7ais<\/strong>, l\u2019<strong>anglais<\/strong>, la&nbsp;<strong>langue des signes qu\u00e9b\u00e9coise (LSQ)&nbsp;<\/strong>et l\u2019<strong>American Sign Language (ASL)<\/strong>. Afin de r\u00e9sister \u00e0 l\u2019homog\u00e9n\u00e9isation linguistique de la recherche scientifique, VocUM encourage toutefois la diffusion du savoir en fran\u00e7ais. De m\u00eame, les recherches en \u00e9tudes hispaniques ou en \u00e9tudes allemandes pourront \u00eatre pr\u00e9sent\u00e9es en&nbsp;<strong>espagnol<\/strong>&nbsp;et en&nbsp;<strong>allemand<\/strong>, respectivement. Les propositions d\u2019\u00e9tudiantes et \u00e9tudiants du premier cycle seront \u00e9galement consid\u00e9r\u00e9es.<\/p>\n\n\n\n<p>Veuillez prendre note que l\u2019int\u00e9gralit\u00e9 du colloque sera accessible aux personnes sourdes gr\u00e2ce \u00e0 un service d\u2019interpr\u00e9tation en langue des signes. Les candidatures retenues seront invit\u00e9es \u00e0 fournir certains documents avant le colloque afin que les interpr\u00e8tes puissent se pr\u00e9parer.<\/p>\n\n\n\n<p>Les propositions, d\u2019un maximum de 400 mots, doivent \u00eatre soumises \u00e0 l\u2019aide du formulaire \u00e9lectronique accessible sur le site Web de VocUM. L\u2019\u00e9valuation anonyme des propositions sera effectu\u00e9e par un comit\u00e9 scientifique. Les communications, d\u2019une dur\u00e9e de 15 \u00e0 20 minutes (\u00e0 d\u00e9terminer en fonction du nombre final de pr\u00e9sentations), seront suivies d\u2019une p\u00e9riode de questions.<\/p>\n\n\n\n<p>Nous tenons \u00e0 rappeler que la revue ScriptUM, l\u2019organe de diffusion de VocUM, est d\u00e9sormais ouverte \u00e0 toutes et tous. Il s\u2019agit d\u2019une publication \u00e9tudiante multidisciplinaire avec \u00e9valuation anonyme par les pairs.&nbsp;<em>Le prochain appel \u00e0 contributions sera lanc\u00e9 au printemps 2021<\/em>. Nous encourageons vivement les pr\u00e9sentatrices et pr\u00e9sentateurs de la 8<sup>e<\/sup>&nbsp;\u00e9dition du colloque \u00e0 garder en t\u00eate cette \u00e9ch\u00e9ance et \u00e0 soumettre un article portant sur les r\u00e9sultats de la recherche qui feront l\u2019objet de leur communication lors du colloque. Vous pouvez en apprendre davantage sur la revue et consulter les anciens num\u00e9ros \u00e0 l\u2019adresse suivante :&nbsp;<a href=\"https:\/\/scriptum.vocum.ca\/index.php\/scriptum\">https:\/\/scriptum.vocum.ca\/<\/a>.<\/p>\n\n\n\n<p><strong>DATES \u00c0 RETENIR<\/strong><\/p>\n\n\n\n<p>Date limite pour soumettre une proposition : vendredi 2 juillet 2021<\/p>\n\n\n\n<p>Avis d\u2019acceptation des propositions : fin ao\u00fbt 2021<\/p>\n\n\n\n<p>Colloque : 18, 19 et 20 novembre 2021<\/p>\n\n\n\n<p>Pour plus d\u2019informations :<a href=\"https:\/\/vocum.ca\/\">&nbsp;https:\/\/vocum.ca<\/a>,&nbsp;<a href=\"mailto:info@vocum.ca\">info@vocum.ca<\/a><\/p>\n","protected":false},"excerpt":{"rendered":"<p>LANGAGE ET ESPACE C\u2019est avec plaisir que nous vous invitons \u00e0 soumettre une proposition de communication pour la 8e&nbsp;\u00e9dition de VocUM, qui se tiendra virtuellement les 18, 19 et 20 novembre 2021. VocUM est un colloque international annuel organis\u00e9 par des \u00e9tudiantes et \u00e9tudiants de l\u2019Universit\u00e9 de Montr\u00e9al provenant de diff\u00e9rents domaines d\u2019\u00e9tudes li\u00e9s au [&hellip;]<\/p>\n","protected":false},"author":2,"featured_media":0,"parent":11399,"menu_order":0,"comment_status":"closed","ping_status":"closed","template":"","meta":{"footnotes":""},"class_list":["post-13723","page","type-page","status-publish","hentry"],"_links":{"self":[{"href":"https:\/\/vocum.ca\/en\/wp-json\/wp\/v2\/pages\/13723","targetHints":{"allow":["GET"]}}],"collection":[{"href":"https:\/\/vocum.ca\/en\/wp-json\/wp\/v2\/pages"}],"about":[{"href":"https:\/\/vocum.ca\/en\/wp-json\/wp\/v2\/types\/page"}],"author":[{"embeddable":true,"href":"https:\/\/vocum.ca\/en\/wp-json\/wp\/v2\/users\/2"}],"replies":[{"embeddable":true,"href":"https:\/\/vocum.ca\/en\/wp-json\/wp\/v2\/comments?post=13723"}],"version-history":[{"count":5,"href":"https:\/\/vocum.ca\/en\/wp-json\/wp\/v2\/pages\/13723\/revisions"}],"predecessor-version":[{"id":14182,"href":"https:\/\/vocum.ca\/en\/wp-json\/wp\/v2\/pages\/13723\/revisions\/14182"}],"up":[{"embeddable":true,"href":"https:\/\/vocum.ca\/en\/wp-json\/wp\/v2\/pages\/11399"}],"wp:attachment":[{"href":"https:\/\/vocum.ca\/en\/wp-json\/wp\/v2\/media?parent=13723"}],"curies":[{"name":"wp","href":"https:\/\/api.w.org\/{rel}","templated":true}]}}