{"id":13337,"date":"2021-10-18T19:41:25","date_gmt":"2021-10-18T17:41:25","guid":{"rendered":"https:\/\/vocum.ca\/?page_id=13337"},"modified":"2021-10-18T22:56:05","modified_gmt":"2021-10-18T20:56:05","slug":"photos-2014","status":"publish","type":"page","link":"https:\/\/vocum.ca\/en\/editions-passees\/vocum-2014\/photos-2014\/","title":{"rendered":"Photos 2014"},"content":{"rendered":"\n<p>Nous remercions Jacinthe Pilon pour son travail de photographe lors de l\u2019\u00e9dition 2014 de VocUM.<\/p>\n\n\n\n<p>Cliquez sur les liens suivants afin de visionner les diff\u00e9rents albums photos Facebook de la toute premi\u00e8re \u00e9dition de VocUM:<\/p>\n\n\n\n<p><a href=\"https:\/\/www.facebook.com\/pg\/ColloqueVocUM\/photos\/?tab=album&amp;album_id=300446170165016\" target=\"_blank\" rel=\"noreferrer noopener\">20 novembre 2014<\/a><\/p>\n\n\n\n<p><a href=\"https:\/\/www.facebook.com\/ColloqueVocUM\/photos\/?tab=album&amp;album_id=302072933335673\" target=\"_blank\" rel=\"noreferrer noopener\">21 novembre 2014<\/a><\/p>\n\n\n\n<p><a href=\"https:\/\/www.facebook.com\/pg\/ColloqueVocUM\/photos\/?tab=album&amp;album_id=302377989971834\" target=\"_blank\" rel=\"noreferrer noopener\">21 novembre (prix et cocktails)<\/a><\/p>\n","protected":false},"excerpt":{"rendered":"<p>Nous remercions Jacinthe Pilon pour son travail de photographe lors de l\u2019\u00e9dition 2014 de VocUM. Cliquez sur les liens suivants afin de visionner les diff\u00e9rents albums photos Facebook de la toute premi\u00e8re \u00e9dition de VocUM: 20 novembre 2014 21 novembre 2014 21 novembre (prix et cocktails)<\/p>\n","protected":false},"author":1,"featured_media":0,"parent":13335,"menu_order":0,"comment_status":"closed","ping_status":"closed","template":"","meta":{"footnotes":""},"class_list":["post-13337","page","type-page","status-publish","hentry"],"_links":{"self":[{"href":"https:\/\/vocum.ca\/en\/wp-json\/wp\/v2\/pages\/13337","targetHints":{"allow":["GET"]}}],"collection":[{"href":"https:\/\/vocum.ca\/en\/wp-json\/wp\/v2\/pages"}],"about":[{"href":"https:\/\/vocum.ca\/en\/wp-json\/wp\/v2\/types\/page"}],"author":[{"embeddable":true,"href":"https:\/\/vocum.ca\/en\/wp-json\/wp\/v2\/users\/1"}],"replies":[{"embeddable":true,"href":"https:\/\/vocum.ca\/en\/wp-json\/wp\/v2\/comments?post=13337"}],"version-history":[{"count":4,"href":"https:\/\/vocum.ca\/en\/wp-json\/wp\/v2\/pages\/13337\/revisions"}],"predecessor-version":[{"id":13353,"href":"https:\/\/vocum.ca\/en\/wp-json\/wp\/v2\/pages\/13337\/revisions\/13353"}],"up":[{"embeddable":true,"href":"https:\/\/vocum.ca\/en\/wp-json\/wp\/v2\/pages\/13335"}],"wp:attachment":[{"href":"https:\/\/vocum.ca\/en\/wp-json\/wp\/v2\/media?parent=13337"}],"curies":[{"name":"wp","href":"https:\/\/api.w.org\/{rel}","templated":true}]}}