{"id":13266,"date":"2021-10-18T18:30:15","date_gmt":"2021-10-18T16:30:15","guid":{"rendered":"https:\/\/vocum.ca\/?page_id=13266"},"modified":"2021-10-18T18:30:16","modified_gmt":"2021-10-18T16:30:16","slug":"photos-2019","status":"publish","type":"page","link":"https:\/\/vocum.ca\/en\/editions-passees\/vocum-2019-langage-et-temps\/photos-2019\/","title":{"rendered":"Photos 2019"},"content":{"rendered":"\n<p>Nous remercions Louis Pelchat-Labelle pour son travail de photographe lors de l\u2019\u00e9dition 2019 de VocUM.<\/p>\n\n\n\n<p>Cliquez sur les liens suivants afin de visionner les diff\u00e9rents albums photos Facebook de la sixi\u00e8me \u00e9dition de VocUM:<\/p>\n\n\n\n<p><a href=\"https:\/\/www.facebook.com\/pg\/ColloqueVocUM\/photos\/?tab=album&amp;album_id=1349126258630330\" target=\"_blank\" rel=\"noreferrer noopener\">14 novembre 2019<\/a><\/p>\n\n\n\n<p><a href=\"https:\/\/www.facebook.com\/pg\/ColloqueVocUM\/photos\/?tab=album&amp;album_id=1349347131941576\" target=\"_blank\" rel=\"noreferrer noopener\">15 novembre 2019<\/a><\/p>\n","protected":false},"excerpt":{"rendered":"<p>Nous remercions Louis Pelchat-Labelle pour son travail de photographe lors de l\u2019\u00e9dition 2019 de VocUM. Cliquez sur les liens suivants afin de visionner les diff\u00e9rents albums photos Facebook de la sixi\u00e8me \u00e9dition de VocUM: 14 novembre 2019 15 novembre 2019<\/p>\n","protected":false},"author":1,"featured_media":0,"parent":13246,"menu_order":0,"comment_status":"closed","ping_status":"closed","template":"","meta":{"footnotes":""},"class_list":["post-13266","page","type-page","status-publish","hentry"],"_links":{"self":[{"href":"https:\/\/vocum.ca\/en\/wp-json\/wp\/v2\/pages\/13266","targetHints":{"allow":["GET"]}}],"collection":[{"href":"https:\/\/vocum.ca\/en\/wp-json\/wp\/v2\/pages"}],"about":[{"href":"https:\/\/vocum.ca\/en\/wp-json\/wp\/v2\/types\/page"}],"author":[{"embeddable":true,"href":"https:\/\/vocum.ca\/en\/wp-json\/wp\/v2\/users\/1"}],"replies":[{"embeddable":true,"href":"https:\/\/vocum.ca\/en\/wp-json\/wp\/v2\/comments?post=13266"}],"version-history":[{"count":1,"href":"https:\/\/vocum.ca\/en\/wp-json\/wp\/v2\/pages\/13266\/revisions"}],"predecessor-version":[{"id":13267,"href":"https:\/\/vocum.ca\/en\/wp-json\/wp\/v2\/pages\/13266\/revisions\/13267"}],"up":[{"embeddable":true,"href":"https:\/\/vocum.ca\/en\/wp-json\/wp\/v2\/pages\/13246"}],"wp:attachment":[{"href":"https:\/\/vocum.ca\/en\/wp-json\/wp\/v2\/media?parent=13266"}],"curies":[{"name":"wp","href":"https:\/\/api.w.org\/{rel}","templated":true}]}}