{"id":13249,"date":"2021-10-18T17:46:35","date_gmt":"2021-10-18T15:46:35","guid":{"rendered":"https:\/\/vocum.ca\/?page_id=13249"},"modified":"2021-10-18T17:46:36","modified_gmt":"2021-10-18T15:46:36","slug":"appel-a-communications-2019","status":"publish","type":"page","link":"https:\/\/vocum.ca\/en\/editions-passees\/vocum-2019-langage-et-temps\/appel-a-communications-2019\/","title":{"rendered":"Appel \u00e0 communications 2019"},"content":{"rendered":"\n<p>Tic-tac\u2009! Tic-tac\u2009! L\u2019attente est termin\u00e9e\u2009! Nous avons le plaisir de vous inviter \u00e0 la 6e \u00e9dition du colloque VocUM, qui se tiendra \u00e0 l\u2019Universit\u00e9 de Montr\u00e9al (Qu\u00e9bec, Canada) les 14 et 15 novembre 2019. VocUM est un colloque international annuel organis\u00e9 par des \u00e9tudiantes et \u00e9tudiants de l\u2019Universit\u00e9 de Montr\u00e9al se r\u00e9clamant de diff\u00e9rents domaines d\u2019\u00e9tudes li\u00e9s au langage. Il s\u2019agit du seul colloque multidisciplinaire montr\u00e9alais consacr\u00e9 au langage.<\/p>\n\n\n\n<p>Le th\u00e8me de l\u2019\u00e9dition&nbsp;2019, <em>Langage et temps<\/em>, est d\u00e9cid\u00e9ment\u2026 dans l\u2019air du temps. Quoiqu\u2019incontournable, le temps \u00e9chappe depuis toujours \u00e0 la d\u00e9finition. Des art\u00e9facts s\u2019apparentant \u00e0 des calendriers lunaires et datant du Pal\u00e9olithique laissent croire que les humains de cette \u00e8re mesuraient d\u00e9j\u00e0 le temps. Les premi\u00e8res horloges solaires apparaissent durant l\u2019Antiquit\u00e9, notamment en \u00c9gypte. \u00c0 l\u2019\u00e9poque des Lumi\u00e8res, les <em>Principia<\/em> (1687) d\u2019Isaac Newton font du temps, consid\u00e9r\u00e9 comme absolu, un des concepts centraux de la m\u00e9canique classique, au m\u00eame titre que la vitesse, l\u2019inertie et la force. Enfin, en 1905, la th\u00e9orie de la relativit\u00e9 d\u2019Albert Einstein bouleverse notre conception du temps en r\u00e9v\u00e9lant le lien indissociable qui l\u2019unit \u00e0 l\u2019espace. Intervenant dans les lois de la physique les plus fondamentales, le temps exerce une influence inexorable sur l\u2019univers et, par cons\u00e9quent, sur l\u2019humanit\u00e9. Le langage, facult\u00e9 humaine par excellence, n\u2019\u00e9chappe pas \u00e0 cette influence.<\/p>\n\n\n\n<p>La pr\u00e9sente \u00e9dition de VocUM invite donc \u00e0 penser l\u2019interaction entre langage et temps&nbsp;: le temps dans le langage et le langage dans le temps. Pour ce faire, VocUM accueillera sans r\u00e9serve de multiples perspectives de recherche, au sein desquelles le temps peut se d\u00e9cliner de diverses fa\u00e7ons. Sont les bienvenues les communications portant autant sur l\u2019expression grammaticale du temps dans diff\u00e9rentes langues (mortes ou vivantes) que sur la variation diachronique de ph\u00e9nom\u00e8nes linguistiques donn\u00e9s, \u00e0 petite ou grande \u00e9chelle. L\u2019\u00e9clairage historique concorde \u00e9galement avec le th\u00e8me propos\u00e9, car il permet de situer dans le temps les diff\u00e9rentes pratiques langagi\u00e8res humaines, orales, sign\u00e9es ou \u00e9crites&nbsp;: histoire des langues, de la traduction, de l\u2019interpr\u00e9tation, de l\u2019\u00e9criture, du livre, des litt\u00e9ratures, du th\u00e9\u00e2tre, etc. Les \u0153uvres litt\u00e9raires ou cin\u00e9matographiques dans lesquelles le temps est un th\u00e8me saillant sont aussi d\u2019un grand int\u00e9r\u00eat. Les approches exp\u00e9rimentales s\u2019av\u00e8rent \u00e9galement pertinentes, qu\u2019elles se penchent sur les variations dans l\u2019expression linguistique en fonction de l\u2019\u00e2ge, sur les troubles du langage se manifestant \u00e0 diff\u00e9rents stades du d\u00e9veloppement ou sur les effets du vieillissement sur les capacit\u00e9s langagi\u00e8res. De m\u00eame, la s\u00e9quentialit\u00e9 inh\u00e9rente au langage humain et, par cons\u00e9quent, \u00e0 ses processus fait intervenir <em>de facto<\/em> la variable temporelle.<\/p>\n\n\n\n<p>Nous accueillons entre autres les horizons disciplinaires suivants&nbsp;:<\/p>\n\n\n\n<figure class=\"wp-block-table\"><table><tbody><tr><td>Acquisition&nbsp;L1\/L2\/Ln<\/td><td>Linguistique l\u00e9gale<\/td><\/tr><tr><td>Am\u00e9nagement linguistique<\/td><td>Litt\u00e9rature compar\u00e9e<\/td><\/tr><tr><td>Analyse du discours<\/td><td>Litt\u00e9ratures<\/td><\/tr><tr><td>Communication<\/td><td>Neurolinguistique<\/td><\/tr><tr><td>Didactique<\/td><td>Orthophonie<\/td><\/tr><tr><td>Didactique des langues<\/td><td>Philosophie du langage<\/td><\/tr><tr><td>Ethnolinguistique<\/td><td>Phon\u00e9tique<\/td><\/tr><tr><td>Herm\u00e9neutique<\/td><td>Politiques de traduction<\/td><\/tr><tr><td>Histoire de la traduction<\/td><td>Pragmatique<\/td><\/tr><tr><td>Histoire des langues<\/td><td>Psycholinguistique<\/td><\/tr><tr><td>Histoire du langage<\/td><td>Sociolinguistique<\/td><\/tr><tr><td>Informatique<\/td><td>Sociologie<\/td><\/tr><tr><td>Langues anciennes<\/td><td>Terminologie<\/td><\/tr><tr><td>Langues minoritaires<\/td><td>Terminotique<\/td><\/tr><tr><td>Langues modernes<\/td><td>Traduction<\/td><\/tr><tr><td>Lexicographie<\/td><td>Traduction sp\u00e9cialis\u00e9e<\/td><\/tr><tr><td>Linguistique<\/td><td>Traitement automatique du langage<\/td><\/tr><tr><td>Linguistique appliqu\u00e9e<\/td><td>Troubles du langage<\/td><\/tr><\/tbody><\/table><\/figure>\n\n\n\n<p>Les langues de pr\u00e9sentation sont le&nbsp;<strong>fran\u00e7ais<\/strong>&nbsp;et l\u2019<strong>anglais<\/strong>. Dans un effort pour r\u00e9sister \u00e0 l\u2019homog\u00e9n\u00e9isation linguistique de la recherche scientifique, VocUM encourage toutefois la diffusion du savoir en fran\u00e7ais. Cela dit, les recherches en \u00e9tudes hispaniques ou en \u00e9tudes allemandes pourront \u00eatre pr\u00e9sent\u00e9es en&nbsp;<strong>espagnol<\/strong>&nbsp;et en&nbsp;<strong>allemand<\/strong>, respectivement.<\/p>\n\n\n\n<p><strong>Dates \u00e0 retenir<\/strong><\/p>\n\n\n\n<p>Colloque&nbsp;: 14 et 15&nbsp;novembre 2019<\/p>\n\n\n\n<p>Pour plus d\u2019informations&nbsp;: <a href=\"https:\/\/vocum.ca\/\">https:\/\/vocum.ca<\/a>,&nbsp;<a href=\"mailto:info@vocum.ca\">info@vocum.ca<\/a><\/p>\n","protected":false},"excerpt":{"rendered":"<p>Tic-tac\u2009! Tic-tac\u2009! L\u2019attente est termin\u00e9e\u2009! Nous avons le plaisir de vous inviter \u00e0 la 6e \u00e9dition du colloque VocUM, qui se tiendra \u00e0 l\u2019Universit\u00e9 de Montr\u00e9al (Qu\u00e9bec, Canada) les 14 et 15 novembre 2019. VocUM est un colloque international annuel organis\u00e9 par des \u00e9tudiantes et \u00e9tudiants de l\u2019Universit\u00e9 de Montr\u00e9al se r\u00e9clamant de diff\u00e9rents domaines [&hellip;]<\/p>\n","protected":false},"author":1,"featured_media":0,"parent":13246,"menu_order":0,"comment_status":"closed","ping_status":"closed","template":"","meta":{"footnotes":""},"class_list":["post-13249","page","type-page","status-publish","hentry"],"_links":{"self":[{"href":"https:\/\/vocum.ca\/en\/wp-json\/wp\/v2\/pages\/13249","targetHints":{"allow":["GET"]}}],"collection":[{"href":"https:\/\/vocum.ca\/en\/wp-json\/wp\/v2\/pages"}],"about":[{"href":"https:\/\/vocum.ca\/en\/wp-json\/wp\/v2\/types\/page"}],"author":[{"embeddable":true,"href":"https:\/\/vocum.ca\/en\/wp-json\/wp\/v2\/users\/1"}],"replies":[{"embeddable":true,"href":"https:\/\/vocum.ca\/en\/wp-json\/wp\/v2\/comments?post=13249"}],"version-history":[{"count":1,"href":"https:\/\/vocum.ca\/en\/wp-json\/wp\/v2\/pages\/13249\/revisions"}],"predecessor-version":[{"id":13250,"href":"https:\/\/vocum.ca\/en\/wp-json\/wp\/v2\/pages\/13249\/revisions\/13250"}],"up":[{"embeddable":true,"href":"https:\/\/vocum.ca\/en\/wp-json\/wp\/v2\/pages\/13246"}],"wp:attachment":[{"href":"https:\/\/vocum.ca\/en\/wp-json\/wp\/v2\/media?parent=13249"}],"curies":[{"name":"wp","href":"https:\/\/api.w.org\/{rel}","templated":true}]}}