{"id":13162,"date":"2021-10-14T23:30:56","date_gmt":"2021-10-14T21:30:56","guid":{"rendered":"https:\/\/vocum.ca\/?page_id=13162"},"modified":"2021-10-14T23:30:57","modified_gmt":"2021-10-14T21:30:57","slug":"videos-2020","status":"publish","type":"page","link":"https:\/\/vocum.ca\/en\/editions-passees\/vocum-2020-langage-norme-et-pouvoir\/videos-2020\/","title":{"rendered":"Vid\u00e9os 2020"},"content":{"rendered":"\n<p>Les vid\u00e9os de l&#8217;\u00e9dition 2020 seront bient\u00f4t disponible sur Youtube. Les versions avec interpr\u00e9tation LSQ sont disponibles sur demande. Il ne suffit que d&#8217;envoyer une demande au courriel\u00a0<a rel=\"noreferrer noopener\" href=\"mailto:accesibilite@vocum.ca\" target=\"_blank\">accesibilite@vocum.ca<\/a>.<\/p>\n","protected":false},"excerpt":{"rendered":"<p>Les vid\u00e9os de l&#8217;\u00e9dition 2020 seront bient\u00f4t disponible sur Youtube. Les versions avec interpr\u00e9tation LSQ sont disponibles sur demande. Il ne suffit que d&#8217;envoyer une demande au courriel\u00a0accesibilite@vocum.ca.<\/p>\n","protected":false},"author":1,"featured_media":0,"parent":13131,"menu_order":0,"comment_status":"closed","ping_status":"closed","template":"","meta":{"footnotes":""},"class_list":["post-13162","page","type-page","status-publish","hentry"],"_links":{"self":[{"href":"https:\/\/vocum.ca\/en\/wp-json\/wp\/v2\/pages\/13162","targetHints":{"allow":["GET"]}}],"collection":[{"href":"https:\/\/vocum.ca\/en\/wp-json\/wp\/v2\/pages"}],"about":[{"href":"https:\/\/vocum.ca\/en\/wp-json\/wp\/v2\/types\/page"}],"author":[{"embeddable":true,"href":"https:\/\/vocum.ca\/en\/wp-json\/wp\/v2\/users\/1"}],"replies":[{"embeddable":true,"href":"https:\/\/vocum.ca\/en\/wp-json\/wp\/v2\/comments?post=13162"}],"version-history":[{"count":1,"href":"https:\/\/vocum.ca\/en\/wp-json\/wp\/v2\/pages\/13162\/revisions"}],"predecessor-version":[{"id":13163,"href":"https:\/\/vocum.ca\/en\/wp-json\/wp\/v2\/pages\/13162\/revisions\/13163"}],"up":[{"embeddable":true,"href":"https:\/\/vocum.ca\/en\/wp-json\/wp\/v2\/pages\/13131"}],"wp:attachment":[{"href":"https:\/\/vocum.ca\/en\/wp-json\/wp\/v2\/media?parent=13162"}],"curies":[{"name":"wp","href":"https:\/\/api.w.org\/{rel}","templated":true}]}}