{"id":13158,"date":"2021-10-14T23:24:48","date_gmt":"2021-10-14T21:24:48","guid":{"rendered":"https:\/\/vocum.ca\/?page_id=13158"},"modified":"2021-10-14T23:24:49","modified_gmt":"2021-10-14T21:24:49","slug":"appel-a-communications-2020","status":"publish","type":"page","link":"https:\/\/vocum.ca\/en\/editions-passees\/vocum-2020-langage-norme-et-pouvoir\/appel-a-communications-2020\/","title":{"rendered":"Appel \u00e0 communications 2020"},"content":{"rendered":"\n<p>Nous avons le plaisir de vous inviter \u00e0 soumettre une proposition de communication pour la 7<sup>e<\/sup> \u00e9dition du colloque VocUM. Afin d\u2019assurer la s\u00e9curit\u00e9 de l\u2019ensemble de nos participantes et participants dans la foul\u00e9e de la pand\u00e9mie mondiale de COVID-19, celui-ci se tiendra virtuellement les 19 et 20 novembre 2020. VocUM est un colloque international annuel organis\u00e9 par des \u00e9tudiantes et \u00e9tudiants de l\u2019Universit\u00e9 de Montr\u00e9al de diff\u00e9rentes all\u00e9geances disciplinaires li\u00e9es au langage. Il s\u2019agit du seul colloque multidisciplinaire montr\u00e9alais consacr\u00e9 au langage.<\/p>\n\n\n\n<p>Le th\u00e8me de cette 7<sup>e<\/sup> \u00e9dition, <em>Langage : norme et pouvoir<\/em>, s\u2019impose de lui-m\u00eame \u00e9tant donn\u00e9 la crise sanitaire actuelle. Les normes qui r\u00e9gissent la majorit\u00e9 de nos sph\u00e8res d\u2019activit\u00e9 sont boulevers\u00e9es, ce dont t\u00e9moignent nombre de transitions obligatoires&nbsp;: du pr\u00e9sentiel au t\u00e9l\u00e9travail, de la salle de classe \u00e0 l\u2019enseignement \u00e0 distance, des rencontres physiques \u00e0 la communication virtuelle, de la proximit\u00e9 \u00e0 la distanciation sociale. De m\u00eame, les rapports de pouvoir se trouvent renvers\u00e9s ou exacerb\u00e9s. Certains m\u00e9tiers historiquement peu valoris\u00e9s et mal r\u00e9mun\u00e9r\u00e9s (en h\u00f4pital, en \u00e9picerie, etc.) sont subitement jug\u00e9s essentiels. Inversement, certains \u00c9tats, d\u00e9termin\u00e9s \u00e0 avoir le dessus dans un contexte de p\u00e9nurie, profitent de leur pouvoir d\u00e9j\u00e0 bien \u00e9tabli pour jouer des coudes sur le march\u00e9 mondial des \u00e9quipements m\u00e9dicaux. \u00c0 travers tout cela, l\u2019importance du langage se r\u00e9v\u00e8le \u00e0 nouveau&nbsp;: dans les points de presse des autorit\u00e9s, qui doivent informer autant que rassurer, dans les m\u00e9dias sociaux, o\u00f9 \u00e9ducation et d\u00e9sinformation se livrent une \u00e2pre bataille, dans nos vies quotidiennes, o\u00f9 la communication virtuelle devient notre seule forme de communion et de coh\u00e9sion sociale.<\/p>\n\n\n\n<p>Cependant, la pertinence du pr\u00e9sent th\u00e8me ne se r\u00e9sume pas \u00e0 la COVID-19. L\u2019ann\u00e9e 2020 sera aussi marqu\u00e9e par les 59<sup>e<\/sup>\u00e9lections pr\u00e9sidentielles am\u00e9ricaines et par d\u2019importants enjeux sociaux et m\u00e9diatiques&nbsp;: les r\u00e9percussions du mouvement #moiaussi (<em>#metoo<\/em>), les changements climatiques, Extinction R\u00e9bellion ou encore&nbsp;les pol\u00e9miques li\u00e9es aux fausses nouvelles (<em>fake news<\/em>). Dans tous les cas \u00e9voqu\u00e9s, le langage est \u00e0 la fois vecteur et objet&nbsp;: la norme et le pouvoir s\u2019expriment par le langage et le fa\u00e7onnent.<\/p>\n\n\n\n<p>Les liens qui unissent langage, norme et pouvoir ne sont cependant pas seulement le fait de la modernit\u00e9. En Gr\u00e8ce antique, les sophistes enseignent d\u00e9j\u00e0 aux jeunes citoyens le bon usage, lequel constitue un moyen d\u2019affirmer son statut politique et social au sein de la cit\u00e9. Des si\u00e8cles plus tard, la normalisation du langage, pilot\u00e9e entre autres par l\u2019Acad\u00e9mie fran\u00e7aise, se fait au profit des usages et des croyances des classes dirigeantes. Par exemple, la r\u00e8gle selon laquelle le masculin l\u2019emporte toujours sur le f\u00e9minin se cristallise au XVII<sup>e<\/sup> si\u00e8cle, alors que les femmes sont exclues de la sph\u00e8re publique. Ainsi, le langage est tout sauf neutre&nbsp;: se prononcer sur l\u2019usage \u00ab&nbsp;correct&nbsp;\u00bb d\u2019une langue, c\u2019est r\u00e9affirmer la position d\u2019une \u00e9lite et marginaliser celles et ceux qui s\u2019en \u00e9loignent.<\/p>\n\n\n\n<p>S\u2019il a \u00e0 maintes reprises jou\u00e9 un r\u00f4le de relais pour le pouvoir en place, le langage peut \u00e0 l\u2019inverse s\u2019imposer comme un outil de subversion, un moyen de renverser la norme. En t\u00e9moignent les luttes pour un langage plus inclusif et coh\u00e9rent avec les revendications sociales actuelles. Aujourd\u2019hui, les multiples r\u00e9seaux sociaux repr\u00e9sentent autant de potentielles tribunes qui permettent le relais de diff\u00e9rents discours et opinions, que toutes et tous peuvent investir, sans consid\u00e9ration pour leur milieu ou leur niveau d\u2019\u00e9ducation.<\/p>\n\n\n\n<p>L\u2019\u00e9dition 2020 de VocUM accueillera donc de multiples perspectives de recherche, au sein desquelles les liens entre langage, norme et pouvoir s\u2019articulent de diff\u00e9rentes fa\u00e7ons. Nous accepterons les communications portant sur les normes d\u2019usage linguistique, sur les outils langagiers par lesquels s\u2019expriment les relations de pouvoir, sur les normes traductives, sur les canons litt\u00e9raires et cin\u00e9matographiques, sur les narratifs dominants, ainsi que, parall\u00e8lement, le(s) pouvoir(s) que ces diff\u00e9rentes instances normatives servent. De m\u00eame, les communications pourront se pencher sur des tentatives de subversion qui visent \u00e0 d\u00e9stabiliser les rapports de pouvoir au profit de communaut\u00e9s marginalis\u00e9es sur la base de divers facteurs&nbsp;: sexe biologique, expression de genre, identit\u00e9 et orientation sexuelle&nbsp;; classe sociale, profession et religion ; origine culturelle, appartenance ethnique et couleur de peau&nbsp;; \u00e2ge, \u00e9tat de sant\u00e9, handicaps physiques et troubles de sant\u00e9 mentale. Traduction f\u00e9ministe, litt\u00e9ratures postcoloniales, enseignement de langues minoritaires (orales et sign\u00e9es), am\u00e9nagements linguistiques pour contrer la pr\u00e9pond\u00e9rance de l\u2019anglais sont autant d\u2019exemples d\u2019entreprises de subversion.&nbsp; Sont \u00e9galement bienvenues les r\u00e9flexions portant sur l\u2019accessibilit\u00e9&nbsp;et les liens qui unissent participation sociale, troubles langagiers et cognitifs, alphab\u00e9tisation, ma\u00eetrise \u2013 ou non \u2013 de la langue officielle et m\u00e9thodes de communication alternatives. Nous encourageons \u00e9galement les propositions de communication amenant \u00e0 penser diff\u00e9remment l\u2019\u00e9thique de la recherche universitaire dans le domaine du langage, ses dynamiques d\u2019inclusion\/exclusion&nbsp;et les rapports entre les sp\u00e9cialistes de la recherche et le groupe \u00e0 l\u2019\u00e9tude. Les questions soulev\u00e9es par l\u2019abondance textuelle li\u00e9e aux r\u00e9seaux sociaux pourront aussi \u00eatre abord\u00e9es&nbsp;: nouveaux m\u00e9dias, fausses nouvelles, censure et libert\u00e9 d\u2019expression, anonymat, cyberharc\u00e8lement, r\u00e9seaux comme incitateurs de mouvements politiques et sociaux, etc. \u00c9tant donn\u00e9 la richesse du th\u00e8me, de nombreux autres angles d\u2019exploration pourraient \u00eatre envisag\u00e9s.<\/p>\n\n\n\n<p>Les propositions qui concordent avec le th\u00e8me de VocUM&nbsp;2020 \u2014 <em>Langage&nbsp;: norme et pouvoir<\/em> seront privil\u00e9gi\u00e9es. Nous accueillons entre autres les horizons disciplinaires suivants&nbsp;:<\/p>\n\n\n\n<figure class=\"wp-block-table\"><table><tbody><tr><td>Acquisition&nbsp;L1\/L2\/Ln<\/td><td>Linguistique l\u00e9gale<\/td><\/tr><tr><td>Am\u00e9nagement linguistique<\/td><td>Litt\u00e9rature compar\u00e9e<\/td><\/tr><tr><td>Analyse du discours<\/td><td>Litt\u00e9ratures<\/td><\/tr><tr><td>Communication<\/td><td>Neurolinguistique<\/td><\/tr><tr><td>Didactique<\/td><td>Orthophonie<\/td><\/tr><tr><td>Didactique des langues<\/td><td>Philosophie du langage<\/td><\/tr><tr><td>Ethnolinguistique<\/td><td>Phon\u00e9tique<\/td><\/tr><tr><td>Herm\u00e9neutique<\/td><td>Politiques de traduction<\/td><\/tr><tr><td>Histoire de l\u2019art<\/td><td>Pragmatique<\/td><\/tr><tr><td>Histoire de la traduction<\/td><td>Psycholinguistique<\/td><\/tr><tr><td>Histoire des langues<\/td><td>Sciences politiques<\/td><\/tr><tr><td>Histoire du langage<\/td><td>Sociolinguistique<\/td><\/tr><tr><td>Informatique<\/td><td>Sociologie<\/td><\/tr><tr><td>Langues anciennes<\/td><td>Terminologie<\/td><\/tr><tr><td>Langues minoritaires<\/td><td>Terminotique<\/td><\/tr><tr><td>Langues modernes<\/td><td>Traduction<\/td><\/tr><tr><td>Lexicographie<\/td><td>Traduction sp\u00e9cialis\u00e9e<\/td><\/tr><tr><td>Linguistique<\/td><td>Traitement automatique du langage<\/td><\/tr><tr><td>Linguistique appliqu\u00e9e<\/td><td>Troubles du langage<\/td><\/tr><\/tbody><\/table><\/figure>\n\n\n\n<p>La tenue d\u2019un colloque virtuel constitue un nouveau d\u00e9fi pour VocUM. Cet \u00e9t\u00e9, le comit\u00e9 organisateur d\u00e9terminera les modalit\u00e9s exactes (plateforme, synchronicit\u00e9, etc.), avec pour objectif de pr\u00e9server toute la vitalit\u00e9 et la richesse des \u00e9ditions pass\u00e9es. Le formulaire de soumission permettra d\u2019ailleurs \u00e0 nos \u00e9ventuelles pr\u00e9sentatrices et pr\u00e9sentateurs d\u2019exprimer leurs pr\u00e9f\u00e9rences par rapport au format des communications. Nous vous tiendrons au courant des modalit\u00e9s choisies et nous vous accompagnerons avec plaisir dans leur application.<\/p>\n\n\n\n<p>Les langues de pr\u00e9sentation demeurent le&nbsp;<strong>fran\u00e7ais<\/strong>&nbsp;et l\u2019<strong>anglais<\/strong>. Afin de r\u00e9sister \u00e0 l\u2019homog\u00e9n\u00e9isation linguistique de la recherche scientifique, VocUM encourage toutefois la diffusion du savoir en fran\u00e7ais. De m\u00eame, les recherches en \u00e9tudes hispaniques ou en \u00e9tudes allemandes pourront \u00eatre pr\u00e9sent\u00e9es en&nbsp;<strong>espagnol<\/strong>&nbsp;et en&nbsp;<strong>allemand<\/strong>, respectivement. Les propositions d\u2019\u00e9tudiantes et \u00e9tudiants du premier cycle seront \u00e9galement consid\u00e9r\u00e9es.<\/p>\n\n\n\n<p>Les propositions, d\u2019un maximum de <strong>300&nbsp;mots<\/strong>, doivent \u00eatre soumises \u00e0 l\u2019aide du&nbsp;formulaire \u00e9lectronique accessible sur le site Web de VocUM. L\u2019\u00e9valuation anonyme des propositions sera effectu\u00e9e par un comit\u00e9 scientifique. Les communications, d\u2019une dur\u00e9e de <strong>15&nbsp;\u00e0&nbsp;20&nbsp;minutes<\/strong> (\u00e0 d\u00e9terminer en fonction du nombre final de pr\u00e9sentations), seront suivies d\u2019une p\u00e9riode de questions.<\/p>\n\n\n\n<p>Nous tenons \u00e0 rappeler que <em>ScriptUM<\/em>, l\u2019organe de diffusion de VocUM, est d\u00e9sormais ouverte \u00e0 toutes et tous. Il s\u2019agit d\u2019une revue \u00e9tudiante multidisciplinaire avec \u00e9valuation anonyme par les pairs. Le prochain appel \u00e0 contributions sera lanc\u00e9 en mai 2020. Nous encourageons vivement les pr\u00e9sentatrices et pr\u00e9sentateurs de la 7<sup>e<\/sup>&nbsp;\u00e9dition du colloque \u00e0 garder en t\u00eate cette \u00e9ch\u00e9ance et \u00e0 soumettre un article portant sur les r\u00e9sultats de la recherche qui feront l\u2019objet de leur communication lors du colloque. Vous pouvez en apprendre plus sur la revue et consulter les anciens num\u00e9ros \u00e0 l\u2019adresse suivante&nbsp;: <a href=\"https:\/\/scriptum.vocum.ca\/index.php\/scriptum\">https:\/\/scriptum.vocum.ca\/<\/a>.<\/p>\n\n\n\n<p><strong>Dates \u00e0 retenir<\/strong><\/p>\n\n\n\n<p>Date limite pour soumettre une proposition&nbsp;: 3 juillet 2020<\/p>\n\n\n\n<p>Avis d\u2019acceptation des propositions&nbsp;: septembre 2020<\/p>\n\n\n\n<p>Colloque&nbsp;: 19 et 20 novembre 2020<\/p>\n\n\n\n<p>Pour plus d\u2019informations&nbsp;: <a href=\"https:\/\/vocum.ca\/\">https:\/\/vocum.ca<\/a>,&nbsp;<a href=\"mailto:info@vocum.ca\">info@vocum.ca<\/a><\/p>\n\n\n\n<p><a href=\"\/?page_id=3517\">Cliquez ici<\/a> pour acc\u00e9der au programme de VocUM 2020.<\/p>\n","protected":false},"excerpt":{"rendered":"<p>Nous avons le plaisir de vous inviter \u00e0 soumettre une proposition de communication pour la 7e \u00e9dition du colloque VocUM. Afin d\u2019assurer la s\u00e9curit\u00e9 de l\u2019ensemble de nos participantes et participants dans la foul\u00e9e de la pand\u00e9mie mondiale de COVID-19, celui-ci se tiendra virtuellement les 19 et 20 novembre 2020. VocUM est un colloque international [&hellip;]<\/p>\n","protected":false},"author":1,"featured_media":0,"parent":13131,"menu_order":0,"comment_status":"closed","ping_status":"closed","template":"","meta":{"footnotes":""},"class_list":["post-13158","page","type-page","status-publish","hentry"],"_links":{"self":[{"href":"https:\/\/vocum.ca\/en\/wp-json\/wp\/v2\/pages\/13158","targetHints":{"allow":["GET"]}}],"collection":[{"href":"https:\/\/vocum.ca\/en\/wp-json\/wp\/v2\/pages"}],"about":[{"href":"https:\/\/vocum.ca\/en\/wp-json\/wp\/v2\/types\/page"}],"author":[{"embeddable":true,"href":"https:\/\/vocum.ca\/en\/wp-json\/wp\/v2\/users\/1"}],"replies":[{"embeddable":true,"href":"https:\/\/vocum.ca\/en\/wp-json\/wp\/v2\/comments?post=13158"}],"version-history":[{"count":1,"href":"https:\/\/vocum.ca\/en\/wp-json\/wp\/v2\/pages\/13158\/revisions"}],"predecessor-version":[{"id":13159,"href":"https:\/\/vocum.ca\/en\/wp-json\/wp\/v2\/pages\/13158\/revisions\/13159"}],"up":[{"embeddable":true,"href":"https:\/\/vocum.ca\/en\/wp-json\/wp\/v2\/pages\/13131"}],"wp:attachment":[{"href":"https:\/\/vocum.ca\/en\/wp-json\/wp\/v2\/media?parent=13158"}],"curies":[{"name":"wp","href":"https:\/\/api.w.org\/{rel}","templated":true}]}}