{"id":13152,"date":"2021-10-14T23:20:18","date_gmt":"2021-10-14T21:20:18","guid":{"rendered":"https:\/\/vocum.ca\/?page_id=13152"},"modified":"2021-10-18T17:41:30","modified_gmt":"2021-10-18T15:41:30","slug":"programme","status":"publish","type":"page","link":"https:\/\/vocum.ca\/en\/editions-passees\/vocum-2020-langage-norme-et-pouvoir\/programme\/","title":{"rendered":"Programme 2020"},"content":{"rendered":"\n<p>Les heures mentionn\u00e9es ci-bas sont \u00e0 l&#8217;heure normale de l&#8217;Est (EST)<br><\/p>\n\n\n\n<div class=\"wp-block-image\"><figure class=\"alignleft size-large is-resized\"><img loading=\"lazy\" decoding=\"async\" src=\"https:\/\/vocum.ca\/wp-content\/uploads\/2020\/10\/kisspng-language-interpretation-american-sign-language-5b1558106e5b44.273886581528125456452-13.jpg\" alt=\"\" class=\"wp-image-3664\" width=\"25\" height=\"20\"\/><\/figure><\/div>\n\n\n\n<p>Nouveaut\u00e9 cette ann\u00e9e!<br>Les pr\u00e9sentations portant ce symbole seront interpr\u00e9t\u00e9es en langue des signes qu\u00e9b\u00e9coise (LSQ).<br><br><\/p>\n\n\n\n<h4 class=\"wp-block-heading\"><strong>Jeudi le 19 novembre 2020<br><\/strong> <\/h4>\n\n\n\n<p><strong>8h30: Ouverture de la salle d\u2019attente Zoom<\/strong><\/p>\n\n\n\n<p><strong>9h00-9h15: Accueil<\/strong> <strong>et mot d&#8217;ouverture<\/strong><\/p>\n\n\n\n<p><\/p>\n\n\n\n<p><\/p>\n\n\n\n<p><strong>9h15-10h15: Conf\u00e9rence pl\u00e9ni\u00e8re<\/strong> <strong>&#8211; Natasha Kanap\u00e9 Fontaine<\/strong><\/p>\n\n\n\n<div class=\"wp-block-image\"><figure class=\"alignleft size-large is-resized\"><img loading=\"lazy\" decoding=\"async\" src=\"https:\/\/vocum.ca\/wp-content\/uploads\/2020\/10\/kisspng-language-interpretation-american-sign-language-5b1558106e5b44.273886581528125456452-15.jpg\" alt=\"\" class=\"wp-image-3695\" width=\"25\" height=\"20\"\/><\/figure><\/div>\n\n\n\n<p><br>Force et fiert\u00e9 : parcours d\u2019une militante innue<br><br><\/p>\n\n\n\n<p><strong>10h30-11h30&nbsp;: Bloc 1: Normes et m\u00e9thodes linguistiques<\/strong><\/p>\n\n\n\n<div class=\"wp-block-image\"><figure class=\"alignleft size-large is-resized\"><img loading=\"lazy\" decoding=\"async\" src=\"https:\/\/vocum.ca\/wp-content\/uploads\/2020\/10\/kisspng-language-interpretation-american-sign-language-5b1558106e5b44.273886581528125456452-13.jpg\" alt=\"\" class=\"wp-image-3664\" width=\"25\" height=\"20\"\/><\/figure><\/div>\n\n\n\n<p>Normes en sciences du langage et Langues de Signes: comment capturer le corps en mouvement <br>Par Lea Chevrefils, Universit\u00e9 de Rouen Normandie, France<br><br><\/p>\n\n\n\n<div class=\"wp-block-image\"><figure class=\"alignleft size-large is-resized\"><img loading=\"lazy\" decoding=\"async\" src=\"https:\/\/vocum.ca\/wp-content\/uploads\/2020\/10\/kisspng-language-interpretation-american-sign-language-5b1558106e5b44.273886581528125456452-13.jpg\" alt=\"\" class=\"wp-image-3664\" width=\"25\" height=\"20\"\/><\/figure><\/div>\n\n\n\n<p>Apprentissage du fran\u00e7ais\u00a0: repr\u00e9sentations linguistiques et motivation des apprenants<br>Par Minh Hoang Phuong Nguyen et\u00a0Thi Thanh Thuy Dang, Universit\u00e9 nationale du Vi\u00eat Nam de Hano\u00ef, Vietnam<br><br><\/p>\n\n\n\n<div class=\"wp-block-image\"><figure class=\"alignleft size-large is-resized\"><img loading=\"lazy\" decoding=\"async\" src=\"https:\/\/vocum.ca\/wp-content\/uploads\/2020\/10\/kisspng-language-interpretation-american-sign-language-5b1558106e5b44.273886581528125456452-13.jpg\" alt=\"\" class=\"wp-image-3664\" width=\"25\" height=\"20\"\/><\/figure><\/div>\n\n\n\n<p>Norme \u00e9thique et pouvoir linguistique dans le consentement \u00e0 l&#8217;enqu\u00eate de terrain<br>Par La Fabrique sociale du langage, \u00c9cole normale sup\u00e9rieure de Lyon, France<br><br><\/p>\n\n\n\n<p><\/p>\n\n\n\n<p><\/p>\n\n\n\n<p><strong>11h30-13h00<\/strong>: <strong>Pause d\u00eener<\/strong><\/p>\n\n\n\n<p><strong>13h00-14h20&nbsp;: Bloc 2: Peuples et droit dans les discours politiques<\/strong><\/p>\n\n\n\n<div class=\"wp-block-image\"><figure class=\"alignleft size-large is-resized\"><img loading=\"lazy\" decoding=\"async\" src=\"https:\/\/vocum.ca\/wp-content\/uploads\/2020\/10\/kisspng-language-interpretation-american-sign-language-5b1558106e5b44.273886581528125456452-13.jpg\" alt=\"\" class=\"wp-image-3664\" width=\"25\" height=\"20\"\/><\/figure><\/div>\n\n\n\n<p><a href=\"\/?p=3501\"><\/a>De la n\u00e9gociation du dicible \u00e0 la recherche d\u2019une (nouvelle) l\u00e9gitimit\u00e9. Le cas du concept \u00ab citoyen du monde\u00a0\u00bb.\u00a0<br>Par Anna Khalonina, Universit\u00e9 de Paris, France<br><\/p>\n\n\n\n<div class=\"wp-block-image\"><figure class=\"alignleft size-large is-resized\"><img loading=\"lazy\" decoding=\"async\" src=\"https:\/\/vocum.ca\/wp-content\/uploads\/2020\/10\/kisspng-language-interpretation-american-sign-language-5b1558106e5b44.273886581528125456452-13.jpg\" alt=\"\" class=\"wp-image-3664\" width=\"25\" height=\"20\"\/><\/figure><\/div>\n\n\n\n<p>Les allocutions des Chefs d&#8217;Etat\u00a0face au coronavirus : th\u00e8me et variations\u00a0<br>Par Fran\u00e7oise Collinet, Uniwersytet Jagiello\u0144ski w Krakowie, Pologne<br><br><\/p>\n\n\n\n<div class=\"wp-block-image\"><figure class=\"alignleft size-large is-resized\"><img loading=\"lazy\" decoding=\"async\" src=\"https:\/\/vocum.ca\/wp-content\/uploads\/2020\/10\/kisspng-language-interpretation-american-sign-language-5b1558106e5b44.273886581528125456452-13.jpg\" alt=\"\" class=\"wp-image-3664\" width=\"25\" height=\"20\"\/><\/figure><\/div>\n\n\n\n<p><a href=\"\/?p=3509\"><\/a>Traduire les textes l\u00e9gislatifs en contexte de bilinguisme officiel : enjeux et pratiques\u00a0<br>Par Adeline Darrigol, Universit\u00e9 du Mans, France<br><br><\/p>\n\n\n\n<p><\/p>\n\n\n\n<div class=\"wp-block-image\"><figure class=\"alignleft size-large is-resized\"><img loading=\"lazy\" decoding=\"async\" src=\"https:\/\/vocum.ca\/wp-content\/uploads\/2020\/10\/kisspng-language-interpretation-american-sign-language-5b1558106e5b44.273886581528125456452-13.jpg\" alt=\"\" class=\"wp-image-3664\" width=\"25\" height=\"20\"\/><\/figure><\/div>\n\n\n\n<p>Les langues autochtones au Canada : analyse de discours de l\u2019\u00c9tat et de leaders autochtones<br>Par Ann-Sophie Boily, Universit\u00e9 du Qu\u00e9bec \u00e0 Chicoutimi<br><br><\/p>\n\n\n\n<p><\/p>\n\n\n\n<p><strong>14h30-15h50: Bloc 3:&nbsp;Plurilinguisme et variations<\/strong>&nbsp;<\/p>\n\n\n\n<div class=\"wp-block-image\"><figure class=\"alignleft size-large is-resized\"><img loading=\"lazy\" decoding=\"async\" src=\"https:\/\/vocum.ca\/wp-content\/uploads\/2020\/10\/kisspng-language-interpretation-american-sign-language-5b1558106e5b44.273886581528125456452-13.jpg\" alt=\"\" class=\"wp-image-3664\" width=\"25\" height=\"20\"\/><\/figure><\/div>\n\n\n\n<p>Norme et usage: La mise en\u00a0oeuvre\u00a0de la phras\u00e9ologie a\u00e9ronautique par les contr\u00f4leurs a\u00e9riens anglophones natifs et non natifs.\u00a0<br>Par Qiushi Zhang, Universit\u00e9 Paris Nanterre, France<br><\/p>\n\n\n\n<div class=\"wp-block-image\"><figure class=\"alignleft size-large is-resized\"><img loading=\"lazy\" decoding=\"async\" src=\"https:\/\/vocum.ca\/wp-content\/uploads\/2020\/10\/kisspng-language-interpretation-american-sign-language-5b1558106e5b44.273886581528125456452-13.jpg\" alt=\"\" class=\"wp-image-3664\" width=\"25\" height=\"20\"\/><\/figure><\/div>\n\n\n\n<p>L&#8217;\u00e9volution des d\u00e9nominations des membres du couple au Qu\u00e9bec entre 1957 et 2020<br>Par Fanny Beaudoin et Nad\u00e8ge Fournier, Universit\u00e9 de Montr\u00e9al<br><br><\/p>\n\n\n\n<div class=\"wp-block-image\"><figure class=\"alignleft size-large is-resized\"><img loading=\"lazy\" decoding=\"async\" src=\"https:\/\/vocum.ca\/wp-content\/uploads\/2020\/10\/kisspng-language-interpretation-american-sign-language-5b1558106e5b44.273886581528125456452-13.jpg\" alt=\"\" class=\"wp-image-3664\" width=\"25\" height=\"20\"\/><\/figure><\/div>\n\n\n\n<p>La dynamique de la variation pronominale : norme et usage des formes simples et compos\u00e9es en fran\u00e7ais montr\u00e9alais\u00a0<br>Par Claire Bour\u00e9ly, H\u00e9l\u00e8ne Blondeau et Mireille Tremblay, Universit\u00e9 de Montr\u00e9al<br><\/p>\n\n\n\n<div class=\"wp-block-image\"><figure class=\"alignleft size-large is-resized\"><img loading=\"lazy\" decoding=\"async\" src=\"https:\/\/vocum.ca\/wp-content\/uploads\/2020\/10\/kisspng-language-interpretation-american-sign-language-5b1558106e5b44.273886581528125456452-13.jpg\" alt=\"\" class=\"wp-image-3664\" width=\"25\" height=\"20\"\/><\/figure><\/div>\n\n\n\n<p>Plurilinguisme urbain affich\u00e9 et\u00a0mobilisation des\u00a0langues dans les manifestations sociales en Alg\u00e9rie.\u00a0<br>Par Abbaci Amal, Universit\u00e9 de Tlemcen, Alg\u00e9rie<br><br><\/p>\n\n\n\n<p><strong>16h-17h00:&nbsp;Bloc&nbsp;4:<\/strong> <strong>Genre et subjectivit\u00e9(s)<\/strong>&nbsp;<\/p>\n\n\n\n<div class=\"wp-block-image\"><figure class=\"alignleft size-large is-resized\"><img loading=\"lazy\" decoding=\"async\" src=\"https:\/\/vocum.ca\/wp-content\/uploads\/2020\/10\/kisspng-language-interpretation-american-sign-language-5b1558106e5b44.273886581528125456452-13.jpg\" alt=\"\" class=\"wp-image-3664\" width=\"25\" height=\"20\"\/><\/figure><\/div>\n\n\n\n<p>La variation linguistique li\u00e9e au genre en Alg\u00e9rie : l\u2019apport du fran\u00e7ais\u00a0<br>\u00a0Par Radhia Hadadi, Universit\u00e9 Batna 2, Alg\u00e9rie<br><br><\/p>\n\n\n\n<div class=\"wp-block-image\"><figure class=\"alignleft size-large is-resized\"><img loading=\"lazy\" decoding=\"async\" src=\"https:\/\/vocum.ca\/wp-content\/uploads\/2020\/10\/kisspng-language-interpretation-american-sign-language-5b1558106e5b44.273886581528125456452-13.jpg\" alt=\"\" class=\"wp-image-3664\" width=\"25\" height=\"20\"\/><\/figure><\/div>\n\n\n\n<p>Les\u00a0voix comme remise en cause de l&#8217;universalit\u00e9, revalorisation des minorit\u00e9s et prise en compte de l&#8217;individualit\u00e9 subjective\u00a0<br>Par B\u00e9n\u00e9dicte Jenot, Universit\u00e9 Paris Nanterre, France<br><\/p>\n\n\n\n<div class=\"wp-block-image\"><figure class=\"alignleft size-large is-resized\"><img loading=\"lazy\" decoding=\"async\" src=\"https:\/\/vocum.ca\/wp-content\/uploads\/2020\/10\/kisspng-language-interpretation-american-sign-language-5b1558106e5b44.273886581528125456452-13.jpg\" alt=\"\" class=\"wp-image-3664\" width=\"25\" height=\"20\"\/><\/figure><\/div>\n\n\n\n<p>D\u00e9bat sur le droit \u00e0 l&#8217;avortement\u202f en Pologne confin\u00e9e\u202f: langue et condamnation(s)\u00a0<br>Par Claire Laurent, Universit\u00e9 de Strasbourg, France<br><br><br><\/p>\n\n\n\n<h4 class=\"wp-block-heading\"><strong>Vendredi le 20 novembre 2020<\/strong><\/h4>\n\n\n\n<p><strong>8h30: Ouverture de la salle d\u2019attente Zoom&nbsp;<\/strong><\/p>\n\n\n\n<p><strong>9h00-10h00:&nbsp;Bloc 5: Litt\u00e9rature et pouvoir(s)<\/strong><\/p>\n\n\n\n<div class=\"wp-block-image\"><figure class=\"alignleft size-large is-resized\"><img loading=\"lazy\" decoding=\"async\" src=\"https:\/\/vocum.ca\/wp-content\/uploads\/2020\/10\/kisspng-language-interpretation-american-sign-language-5b1558106e5b44.273886581528125456452-13.jpg\" alt=\"\" class=\"wp-image-3664\" width=\"25\" height=\"20\"\/><\/figure><\/div>\n\n\n\n<p>Le pouvoir du langage litt\u00e9raire \u00e0 l\u2019\u00e8re des r\u00e9seaux sociaux : l\u2019\u00e9tude de cas sur Wuhan\u00a0Diary\u00a0de\u00a0Fangfang<br>Par Zichuan Gan, Universit\u00e9 de Montr\u00e9al<br><br><\/p>\n\n\n\n<div class=\"wp-block-image\"><figure class=\"alignleft size-large is-resized\"><img loading=\"lazy\" decoding=\"async\" src=\"https:\/\/vocum.ca\/wp-content\/uploads\/2020\/10\/kisspng-language-interpretation-american-sign-language-5b1558106e5b44.273886581528125456452-13.jpg\" alt=\"\" class=\"wp-image-3664\" width=\"25\" height=\"20\"\/><\/figure><\/div>\n\n\n\n<p>Exp\u00e9riences de suj\u00e9tion dans la prose d&#8217;\u00c9den, \u00c9den, \u00c9den de Pierre\u00a0Guyotat<br>Par Myra Hogue, Universit\u00e9 du Qu\u00e9bec \u00e0 Montr\u00e9al<br><br><\/p>\n\n\n\n<div class=\"wp-block-image\"><figure class=\"alignleft size-large is-resized\"><img loading=\"lazy\" decoding=\"async\" src=\"https:\/\/vocum.ca\/wp-content\/uploads\/2020\/10\/kisspng-language-interpretation-american-sign-language-5b1558106e5b44.273886581528125456452-13.jpg\" alt=\"\" class=\"wp-image-3664\" width=\"25\" height=\"20\"\/><\/figure><\/div>\n\n\n\n<p>\u00c9crivaines fran\u00e7aises d\u2019origine maghr\u00e9bine face aux pouvoirs : r\u00e9volte et revendication \u00e0 travers la litt\u00e9rature\u00a0<br>Par Soledad Diaz Alarc\u00f3n, Universidad de C\u00f3rdoba, Espagne<br><br><\/p>\n\n\n\n<p><strong>10h15-11h35:&nbsp;Bloc 6: Langue, politique&nbsp;et m\u00e9dias<\/strong><\/p>\n\n\n\n<div class=\"wp-block-image\"><figure class=\"alignleft size-large is-resized\"><img loading=\"lazy\" decoding=\"async\" src=\"https:\/\/vocum.ca\/wp-content\/uploads\/2020\/10\/kisspng-language-interpretation-american-sign-language-5b1558106e5b44.273886581528125456452-13.jpg\" alt=\"\" class=\"wp-image-3664\" width=\"25\" height=\"20\"\/><\/figure><\/div>\n\n\n\n<p>Translating National Identity in Diplomatic Discourse between China and the West from 1793 to 1867<br>Par Xinnian Zheng, Universit\u00e9 de Montr\u00e9al<br><br><\/p>\n\n\n\n<div class=\"wp-block-image\"><figure class=\"alignleft size-large is-resized\"><img loading=\"lazy\" decoding=\"async\" src=\"https:\/\/vocum.ca\/wp-content\/uploads\/2020\/10\/kisspng-language-interpretation-american-sign-language-5b1558106e5b44.273886581528125456452-13.jpg\" alt=\"\" class=\"wp-image-3664\" width=\"25\" height=\"20\"\/><\/figure><\/div>\n\n\n\n<p>The perception of Islam and\u00a0Islamic\u00a0culture in the media:\u00a0a\u00a0phraseological\u00a0approach\u00a0French-English-Spanish\u00a0<br>Par Azahara Veroz Gonz\u00e1lez, Universidad de C\u00f3rdoba, Espagne<br><\/p>\n\n\n\n<div class=\"wp-block-image\"><figure class=\"alignleft size-large is-resized\"><img loading=\"lazy\" decoding=\"async\" src=\"https:\/\/vocum.ca\/wp-content\/uploads\/2020\/10\/kisspng-language-interpretation-american-sign-language-5b1558106e5b44.273886581528125456452-13.jpg\" alt=\"\" class=\"wp-image-3664\" width=\"25\" height=\"20\"\/><\/figure><\/div>\n\n\n\n<p>The\u00a0Language\u00a0of\u00a0Propaganda: French\u00a0Army\u00a0Representations\u00a0of\u00a0Muslim\u00a0Women\u00a0during\u00a0the Algerian\u00a0War\u00a0of Independence<br>Par Saira Sohail, University of Virginia, \u00c9tats-Unis<br><\/p>\n\n\n\n<div class=\"wp-block-image\"><figure class=\"alignleft size-large is-resized\"><img loading=\"lazy\" decoding=\"async\" src=\"https:\/\/vocum.ca\/wp-content\/uploads\/2020\/10\/kisspng-language-interpretation-american-sign-language-5b1558106e5b44.273886581528125456452-13.jpg\" alt=\"\" class=\"wp-image-3664\" width=\"25\" height=\"20\"\/><\/figure><\/div>\n\n\n\n<p>The Use of Occitan on Facebook\u00a0<br>Par Oliver Whitmore, University of California, Berkeley, \u00c9tats-Unis<br><br><\/p>\n\n\n\n<p><strong>11h35-13h00<\/strong>: <strong>Pause d\u00eener<\/strong><\/p>\n\n\n\n<p><strong>13h-14h00:&nbsp;Bloc 7: Marges, minorit\u00e9s et pouvoirs<\/strong><\/p>\n\n\n\n<div class=\"wp-block-image\"><figure class=\"alignleft size-large is-resized\"><img loading=\"lazy\" decoding=\"async\" src=\"https:\/\/vocum.ca\/wp-content\/uploads\/2020\/10\/kisspng-language-interpretation-american-sign-language-5b1558106e5b44.273886581528125456452-13.jpg\" alt=\"\" class=\"wp-image-3664\" width=\"25\" height=\"20\"\/><\/figure><\/div>\n\n\n\n<p><a href=\"\/?p=3480\"><\/a>Performer un ethos de \u00ab femme noire dominante \u00bb par le corps et le langage : la whitisation au croisement des rapports de race, de genre et de classe<br>Par Suzie Telep, Universit\u00e9 Paris-Descartes, France<br><\/p>\n\n\n\n<div class=\"wp-block-image\"><figure class=\"alignleft size-large is-resized\"><img loading=\"lazy\" decoding=\"async\" src=\"https:\/\/vocum.ca\/wp-content\/uploads\/2020\/10\/kisspng-language-interpretation-american-sign-language-5b1558106e5b44.273886581528125456452-13.jpg\" alt=\"\" class=\"wp-image-3664\" width=\"25\" height=\"20\"\/><\/figure><\/div>\n\n\n\n<p><a href=\"\/?p=3487\"><\/a><a href=\"\/?p=3537\"><\/a>La question de l&#8217;accent en France: entre marqueur identitaire et outil de domination<br>Par Marie Celine Dufay Verbie, University at Buffalo, \u00c9tats-Unis<br><br><\/p>\n\n\n\n<div class=\"wp-block-image\"><figure class=\"alignleft size-large is-resized\"><img loading=\"lazy\" decoding=\"async\" src=\"https:\/\/vocum.ca\/wp-content\/uploads\/2020\/10\/kisspng-language-interpretation-american-sign-language-5b1558106e5b44.273886581528125456452-13.jpg\" alt=\"\" class=\"wp-image-3664\" width=\"25\" height=\"20\"\/><\/figure><\/div>\n\n\n\n<p><a href=\"\/?p=3472\"><\/a>Interpr\u00e9tation des normes au pouvoir ou pouvoir d&#8217;interpr\u00e9tation des normes? L&#8217;ambigu\u00eft\u00e9 du r\u00f4le des interpr\u00e8tes dans la proc\u00e9dure de demande d&#8217;asile en France.<br>Par Maxime Mar\u00e9chal, Universit\u00e9 de Paris, France<br><br><\/p>\n\n\n\n<p><strong>14h20-15h40: Bloc 8:&nbsp;Po\u00e9sie, litt\u00e9ratures \u00e9trang\u00e8res et traduction<\/strong>&nbsp;<\/p>\n\n\n\n<div class=\"wp-block-image\"><figure class=\"alignleft size-large is-resized\"><img loading=\"lazy\" decoding=\"async\" src=\"https:\/\/vocum.ca\/wp-content\/uploads\/2020\/10\/78795-200.png\" alt=\"\" class=\"wp-image-3683\" width=\"20\" height=\"20\"\/><\/figure><\/div>\n\n\n\n<p>Subversi\u00f3n\u00a0y\u00a0poder\u00a0en el\u00a0lenguaje\u00a0po\u00e9tico de\u00a0\u00c1ngela\u00a0Figuera\u00a0Aymerich\u00a0y Gloria\u00a0Fuertes\u00a0<br>Par Raquel Fern\u00e1ndez Men\u00e9ndez, Universidad de Oviedo, Espagne<br>(Pr\u00e9sentation en espagnol avec sous-titres fran\u00e7ais)<br><\/p>\n\n\n\n<div class=\"wp-block-image\"><figure class=\"alignleft size-large is-resized\"><img loading=\"lazy\" decoding=\"async\" src=\"https:\/\/vocum.ca\/wp-content\/uploads\/2020\/10\/kisspng-language-interpretation-american-sign-language-5b1558106e5b44.273886581528125456452-13.jpg\" alt=\"\" class=\"wp-image-3664\" width=\"25\" height=\"20\"\/><\/figure><\/div>\n\n\n\n<p>Commoning\u00a0Translation: The Collective\u00a0Feminist\u00a0Translation of Silvia\u00a0Federici\u2019s\u00a0\u201cRe-enchanting\u00a0the World\u201d\u00a0into\u00a0Brazilian\u00a0Portuguese\u00a0\u00a0<br>Par Luciana Carvalho Fonseca, Universidade de S\u00e3o Paulo, Br\u00e9sil<br><\/p>\n\n\n\n<div class=\"wp-block-image\"><figure class=\"alignleft size-large is-resized\"><img loading=\"lazy\" decoding=\"async\" src=\"https:\/\/vocum.ca\/wp-content\/uploads\/2020\/10\/78795-200-1.png\" alt=\"\" class=\"wp-image-3685\" width=\"20\" height=\"20\"\/><\/figure><\/div>\n\n\n\n<p>La\u00a0efervescencia\u00a0del\u00a0nombre en la\u00a0poes\u00eda\u00a0de Daniela\u00a0Catrileo\u00a0<br>Par Maria Laura Martinelli, University of Michigan, \u00c9tats-Unis<br>(Pr\u00e9sentation en espagnol avec sous-titres fran\u00e7ais)<br><\/p>\n\n\n\n<div class=\"wp-block-image\"><figure class=\"alignleft size-large is-resized\"><img loading=\"lazy\" decoding=\"async\" src=\"https:\/\/vocum.ca\/wp-content\/uploads\/2020\/10\/kisspng-language-interpretation-american-sign-language-5b1558106e5b44.273886581528125456452-13.jpg\" alt=\"\" class=\"wp-image-3664\" width=\"25\" height=\"20\"\/><\/figure><\/div>\n\n\n\n<p>The\u00a0Discourse\u00a0in\u00a0Translated\u00a0Children\u2019s\u00a0Fiction: A Case\u00a0Study\u00a0of the\u00a0Chinese\u00a0Translation of The Boy in The\u00a0Dress\u00a0<br>Par Ranran Li et Olga Fellus, Universit\u00e9 d&#8217;Ottawa<br><br><\/p>\n\n\n\n<p><strong>16h00-17h00 : Conf\u00e9rence pl\u00e9ni\u00e8re &#8211; Michel DeGraff&nbsp;(MIT, \u00c9tats-Unis)<\/strong><\/p>\n\n\n\n<div class=\"wp-block-image\"><figure class=\"alignleft size-large is-resized\"><img loading=\"lazy\" decoding=\"async\" src=\"https:\/\/vocum.ca\/wp-content\/uploads\/2020\/10\/78795-200-3.png\" alt=\"\" class=\"wp-image-3690\" width=\"20\" height=\"20\"\/><\/figure><\/div>\n\n\n\n<p>Ann Ayiti, frankofoni se zam pou vyolans kolonyal epi se kreyolofoni ki ka s\u00e8vi k\u00f2m fondasyon pou edikasyon ak liberasyon<br>(Pr\u00e9sentation en cr\u00e9ole ha\u00eftien avec sous-titres fran\u00e7ais)<br><br><\/p>\n\n\n\n<p><strong>17h00 : Remise de prix et remerciements<\/strong><\/p>\n\n\n\n<p><strong>17h15+ : Cl\u00f4ture et cocktail&nbsp;<\/strong><\/p>\n","protected":false},"excerpt":{"rendered":"<p>Les heures mentionn\u00e9es ci-bas sont \u00e0 l&#8217;heure normale de l&#8217;Est (EST) Nouveaut\u00e9 cette ann\u00e9e!Les pr\u00e9sentations portant ce symbole seront interpr\u00e9t\u00e9es en langue des signes qu\u00e9b\u00e9coise (LSQ). Jeudi le 19 novembre 2020 8h30: Ouverture de la salle d\u2019attente Zoom 9h00-9h15: Accueil et mot d&#8217;ouverture 9h15-10h15: Conf\u00e9rence pl\u00e9ni\u00e8re &#8211; Natasha Kanap\u00e9 Fontaine Force et fiert\u00e9 : parcours [&hellip;]<\/p>\n","protected":false},"author":1,"featured_media":0,"parent":13131,"menu_order":0,"comment_status":"closed","ping_status":"closed","template":"","meta":{"footnotes":""},"class_list":["post-13152","page","type-page","status-publish","hentry"],"_links":{"self":[{"href":"https:\/\/vocum.ca\/en\/wp-json\/wp\/v2\/pages\/13152","targetHints":{"allow":["GET"]}}],"collection":[{"href":"https:\/\/vocum.ca\/en\/wp-json\/wp\/v2\/pages"}],"about":[{"href":"https:\/\/vocum.ca\/en\/wp-json\/wp\/v2\/types\/page"}],"author":[{"embeddable":true,"href":"https:\/\/vocum.ca\/en\/wp-json\/wp\/v2\/users\/1"}],"replies":[{"embeddable":true,"href":"https:\/\/vocum.ca\/en\/wp-json\/wp\/v2\/comments?post=13152"}],"version-history":[{"count":4,"href":"https:\/\/vocum.ca\/en\/wp-json\/wp\/v2\/pages\/13152\/revisions"}],"predecessor-version":[{"id":13245,"href":"https:\/\/vocum.ca\/en\/wp-json\/wp\/v2\/pages\/13152\/revisions\/13245"}],"up":[{"embeddable":true,"href":"https:\/\/vocum.ca\/en\/wp-json\/wp\/v2\/pages\/13131"}],"wp:attachment":[{"href":"https:\/\/vocum.ca\/en\/wp-json\/wp\/v2\/media?parent=13152"}],"curies":[{"name":"wp","href":"https:\/\/api.w.org\/{rel}","templated":true}]}}